{"id":158,"date":"2023-08-30T10:41:57","date_gmt":"2023-08-30T10:41:57","guid":{"rendered":"https:\/\/normandmousseau.com\/?page_id=158"},"modified":"2023-08-30T10:42:48","modified_gmt":"2023-08-30T10:42:48","slug":"diabetes","status":"publish","type":"page","link":"https:\/\/normandmousseau.com\/en\/diabetes","title":{"rendered":"Diabetes"},"content":{"rendered":"<ol>\n<li><em>Vaincre le diab\u00e8te sans m\u00e9dicament: c&#8217;est possible!<\/em>, Annie Casamayou, <em>Sant\u00e9 Corps Esprit<\/em>, n. 40, octobre 2019, pp 1-5.<\/li>\n<li><em>Ils ont contribu\u00e9 \u00e0 leur gu\u00e9rison<\/em>, Jean-Claude Noy\u00e9, *La Vie), 28 mars 2019, pp. 37-39.<\/li>\n<li><a href=\"https:\/\/ici.radio-canada.ca\/premiere\/emissions\/medium-large\/segments\/entrevue\/105307\/corssfit-combattre-diabete-autochtones-boudreau-papatie-mousseau\">Ces autochtones qui combattent leur diab\u00e8te avec le CrossFit<\/a>, avec Catherine Perrin, 8 f\u00e9vrier 2019.<\/li>\n<li><em>On peut aussi gu\u00e9rir sans m\u00e9dicaments<\/em>, Jean-Claude Noy\u00e9, <em>La Vie<\/em>, 31 mai 2018, p.22<\/li>\n<li><em>Comment perdre du poids<\/em>, avec Isabelle Mar\u00e9chal, <em>Isabelle<\/em>, 98.5FM, 13 mars 2018.<\/li>\n<li><a href=\"https:\/\/www.youtube.com\/watch?v=IcayiKt-wLg&amp;list=PL3kmpOv9JtQhQWEJ9cph3PLxe9pAIcIaG\">Peut-on gu\u00e9rir du diab\u00e8te?<\/a>, par Magali Coutard, Enqu\u00eate de sant\u00e9, France 5, premi\u00e8re diffusion le 13 d\u00e9cembre 2017.<\/li>\n<li><a href=\"https:\/\/www.lanutrition.fr\/normand-mousseau-la-peur-des-complications-du-diabete-ma-motive-pour-guerir\">Normand Mousseau : &quot;La peur des complications du diab\u00e8te m&#8217;a motiv\u00e9 pour gu\u00e9rir&quot;<\/a>, La Natrution.fr, 14 d\u00e9cembre 2017. <\/li>\n<li><a href=\"https:\/\/kiosque.quechoisir.org\/magazine-sante-quechoisir-119-septembre-2017\/\">J&#8217;ai r\u00e9ussi \u00e0 me lib\u00e9rer du diab\u00e8te sans m\u00e9dicament<\/a>,  Sandrine Letellier, <em>Que Choisir Sant\u00e9<\/em>, Septembre 2017, p.8.1. <em>Perdre du poids sans le reprendre<\/em>, avec Isabelle Mar\u00e9chal, <em>Isabelle<\/em>, R\u00e9seau Cog\u00e9co, 30 ao\u00fbt 2017.<\/li>\n<li><a href=\"http:\/\/fr.chatelaine.com\/sante\/jeuner-pour-guerir\/\">Je\u00fbner pour gu\u00e9rir<\/a> Marie-H\u00e9l\u00e8ne Proulx, Ch\u00e2telaine, 14 ao\u00fbt 2017.<\/li>\n<li><em>\u00c9viter le diab\u00e8te de type 2 ou le vaincre sans m\u00e9dicaments<\/em>, Nelly Fouks,<em>Mieux pour moi<\/em>, France, pages 90-95, avril-juin 2017.<\/li>\n<li><em>Vaincre le diab\u00e8te<\/em>, <em>Pratique Sant\u00e9 Magazine<\/em>, p. 82, mai-juillet 2017.<\/li>\n<li><a href=\"http:\/\/www.lapresse.ca\/sciences\/medecine\/201703\/06\/01-5076187-un-chercheur-montrealais-espere-guerir-le-diabete.php\">Un chercheur montr\u00e9alais esp\u00e8re gu\u00e9rir le diab\u00e8re<\/a>, Philippe Mercure, La Presse, 7 mars 2017. <\/li>\n<li><em>Gu\u00e9rir du diab\u00e8re de type  2 par l&#8217;alimentation: possible?<\/em>, par Kathleen Michaud, La Semaine, 4 novembre 2016, p. 49-5.<\/li>\n<li><em>Gu\u00e9rir du diab\u00e8te, c&#8217;est possible<\/em>, entrevue avec Philippe Robichon, <em>\u00c0 votre sant\u00e9<\/em>, Beur FM, Paris, 26 octobre 2016.<\/li>\n<li><em>Gu\u00e9rir du diab\u00e8te, c&#8217;est possible<\/em>, entrevue avec Sandra Landry, Superstation CKLE-FM, Bathurst, Nouveau-Brunswick, 26 juillet 2016.<\/li>\n<li><a href=\"http:\/\/plus.lapresse.ca\/screens\/c85eda42-0f08-4f20-ba48-ff8faee1874a%7C_0.html\">Le diab\u00e8te, une maladie \u00e0 responsabilit\u00e9 individuelle?<\/a>, texte d&#8217;opinion, La Presse Plus, 21 avril 2016.<\/li>\n<li><a href=\"http:\/\/lesoleil.gc.media\/m\/jzqNXkobJs\">Coca-Cola n&#8217;est pas un alli\u00e9 dans la lutte contre le diab\u00e8te<\/a>, texte d&#8217;opinion, Le Soleil, 20 avril 2016.<\/li>\n<li><a href=\"http:\/\/revue.leslibraires.ca\/chroniques\/essai-quebecois\/de-l-espoir-pour-les-diabetiques\">De l&#8217;espoir pour les diab\u00e9tiques<\/a>, texte de Normand Baillargeon, revue <em>Les libraires<\/em>, page 41, avril-mai 2016.<\/li>\n<li><em>Diab\u00e8te et \u00e9nergie<\/em>, avec Richard Daigle, <em>Le onde aujourd&#8217;hui<\/em>, Radio-Canada Rimouski, 4 avril 2016.<\/li>\n<li><em>Comment se d\u00e9barasser du diab\u00e8te de type 2<\/em>, avec Yves Houdre, <em>Entre-nous<\/em>, Radio Galil\u00e9e, Qu\u00e9bec, 29 mars 2016. <\/li>\n<li><em>Comment se d\u00e9barasser du diab\u00e8te de type 2<\/em>, avec Caroline Stephenson, Radio CKRL, Qu\u00e9bec, 23 mars 2016.<\/li>\n<li><em>Comment se d\u00e9barasser du diab\u00e8te de type 2<\/em>, avec Catherine Lachauss\u00e9e, <em>Radio-Canada cet apr\u00e8s-midi<\/em> , ICI Radio-Canada, Qu\u00e9bec, 23 mars 2016.<\/li>\n<li><em>Comment se d\u00e9barasser du diab\u00e8te de type 2<\/em>, avec Gilles Parent, <em>Le retour de Gilles Parent<\/em>, 93,3 FM, Qu\u00e9bec, 23 mars 2016.<\/li>\n<li><a href=\"http:\/\/plus.lapresse.ca\/screens\/d571e3e4-4ce0-4027-9ca7-0ec4f837f5c5%7C0I91udjJzmjq.html\">La science pour \u00e9clairer les d\u00e9bats publics<\/a>, Philippe Mercure, La Presse +, 13 mars 2016.<\/li>\n<li>Entrevue avec Denis L\u00e9vesque, CHRM Matane, 7 mars 2016.<\/li>\n<li><a href=\"emb17\">Le poids d&#8217;un livre<\/a>, compte-rendu de Raymond Lemieux, Qu\u00e9bec Science, mars 2016. p47. <\/li>\n<li><a href=\"http:\/\/www.nouvelles.umontreal.ca\/recherche\/vient-de-paraitre\/20160210-le-physicien-normand-mousseau-guerit-son-diabete.html\">Le physicien Normand Mousseau gu\u00e9rit son diab\u00e8te<\/a>, Mathieu-Robert Sauv\u00e9, Journal Forum, 10 f\u00e9vrier 2016.<\/li>\n<li><a href=\"http:\/\/www.985fm.ca\/em\/isabelle-392.html\">D\u00e9bat &#8211; peut-on vraiment gu\u00e9rir le diab\u00e8te?<\/a>, anim\u00e9 par Isabelle Mar\u00e9chal, avec Normand Mousseau et Dominique Garel, Isabelle, 98,5 FM, 10 f\u00e9vrier 2016.<\/li>\n<li><a href=\"http:\/\/www.ledevoir.com\/culture\/livres\/462314\/livre-une-attaque-frontale-contre-le-diabete\">Une attaque frontale contre le diab\u00e8te<\/a>, Louis Corneillier, Le Devoir, p. A6, 6 f\u00e9vrier 2016.<\/li>\n<li><a href=\"http:\/\/www.ledevoir.com\/societe\/science-et-technologie\/462315\/eliminer-le-diabete-avec-une-diete-faible-en-calories\">\u00c9liminer le diab\u00e8te avec une di\u00e8te faible en calories?<\/a>, Pauline Gravel, Le Devoir, p. A6, 6 f\u00e9vrier 2016.<\/li>\n<li><a href=\"http:\/\/www.journaldemontreal.com\/2016\/02\/05\/il-y-a-moyen-de-guerir\">Diab\u00e8te de type 2: Il y a moyen de gu\u00e9rir<\/a>, V\u00e9ronique Harvey, Journal de Montr\u00e9al, p. 65, 6 f\u00e9vrier 2016.*<\/li>\n<li><a href=\"http:\/\/ici.radio-canada.ca\/emissions\/medium_large\/2015-2016\/chronique.asp?idChronique=396671\">Un Montr\u00e9al r\u00e9ussit \u00e0 gu\u00e9rir du diab\u00e8te de type 2<\/a>, Catherine Perrin, \u00e9mission <em>M\u00e9dium Large<\/em>, premi\u00e8re cha\u00eene de Radio-Canada, 2 f\u00e9vrier 2016<\/li>\n<li>Entrevue avec Denis L\u00e9vesque, TVA et LCN, 29 janvier 2016.<\/li>\n<li><a href=\"http:\/\/www.985fm.ca\/audioplayer.php?mp3=304807\">Entrevue avec Isabelle Mar\u00e9chal<\/a>, 98,5 FM et stations Cog\u00e9co, 29 janvier 2016.<\/li>\n<\/ol>\n","protected":false},"excerpt":{"rendered":"<p>Vaincre le diab\u00e8te sans m\u00e9dicament: c&#8217;est possible!, Annie Casamayou, Sant\u00e9 Corps Esprit, n. 40, octobre&#8230;<\/p>\n","protected":false},"author":1,"featured_media":0,"parent":0,"menu_order":0,"comment_status":"closed","ping_status":"closed","template":"","meta":{"footnotes":""},"class_list":["post-158","page","type-page","status-publish","hentry"],"jetpack_sharing_enabled":true,"_links":{"self":[{"href":"https:\/\/normandmousseau.com\/en\/wp-json\/wp\/v2\/pages\/158","targetHints":{"allow":["GET"]}}],"collection":[{"href":"https:\/\/normandmousseau.com\/en\/wp-json\/wp\/v2\/pages"}],"about":[{"href":"https:\/\/normandmousseau.com\/en\/wp-json\/wp\/v2\/types\/page"}],"author":[{"embeddable":true,"href":"https:\/\/normandmousseau.com\/en\/wp-json\/wp\/v2\/users\/1"}],"replies":[{"embeddable":true,"href":"https:\/\/normandmousseau.com\/en\/wp-json\/wp\/v2\/comments?post=158"}],"version-history":[{"count":1,"href":"https:\/\/normandmousseau.com\/en\/wp-json\/wp\/v2\/pages\/158\/revisions"}],"predecessor-version":[{"id":159,"href":"https:\/\/normandmousseau.com\/en\/wp-json\/wp\/v2\/pages\/158\/revisions\/159"}],"wp:attachment":[{"href":"https:\/\/normandmousseau.com\/en\/wp-json\/wp\/v2\/media?parent=158"}],"curies":[{"name":"wp","href":"https:\/\/api.w.org\/{rel}","templated":true}]}}