{"id":2,"date":"2023-08-27T13:52:57","date_gmt":"2023-08-27T13:52:57","guid":{"rendered":"https:\/\/normandmousseau.com\/?page_id=2"},"modified":"2024-09-26T05:59:58","modified_gmt":"2024-09-26T05:59:58","slug":"apropos","status":"publish","type":"page","link":"https:\/\/normandmousseau.com\/en\/apropos","title":{"rendered":"About"},"content":{"rendered":"\n<figure class=\"wp-block-table\"><table><tbody><tr><td>Normand Mousseau, Full Professor<br>Department of Physics and <a href=\"https:\/\/institut-courtois.umontreal.ca\">Institut Courtois<\/a><br>Universit\u00e9 de Montr\u00e9al<br><a href=\"https:\/\/campusmil.umontreal.ca\">Complexe des sciences \u2013 campus MIL<\/a>, B-4415<br>1375, ave Th\u00e9r\u00e8se-Lavoie-Roux Montr\u00e9al, QC H2V 0B3 <\/td><td> <p>&nbsp;<\/p> <img loading=\"lazy\" decoding=\"async\" width=\"150\" height=\"179\" class=\"wp-image-30\" style=\"width: 150px;\" src=\"https:\/\/normandmousseau.com\/wp-content\/uploads\/2023\/08\/NormandMousseau1.png\" alt=\"\" srcset=\"https:\/\/normandmousseau.com\/wp-content\/uploads\/2023\/08\/NormandMousseau1.png 1692w, https:\/\/normandmousseau.com\/wp-content\/uploads\/2023\/08\/NormandMousseau1-252x300.png 252w, https:\/\/normandmousseau.com\/wp-content\/uploads\/2023\/08\/NormandMousseau1-859x1024.png 859w, https:\/\/normandmousseau.com\/wp-content\/uploads\/2023\/08\/NormandMousseau1-768x915.png 768w, https:\/\/normandmousseau.com\/wp-content\/uploads\/2023\/08\/NormandMousseau1-1289x1536.png 1289w, https:\/\/normandmousseau.com\/wp-content\/uploads\/2023\/08\/NormandMousseau1-10x12.png 10w, https:\/\/normandmousseau.com\/wp-content\/uploads\/2023\/08\/NormandMousseau1-300x357.png 300w, https:\/\/normandmousseau.com\/wp-content\/uploads\/2023\/08\/NormandMousseau1-850x1013.png 850w\" sizes=\"auto, (max-width: 150px) 100vw, 150px\" \/><\/td><\/tr><\/tbody><\/table><\/figure>\n\n\n\n<figure class=\"wp-block-table\"><table><tbody><tr><td> <p><strong>Mailing address<\/strong><br>Department of Physics<br>Universit\u00e9 de Montr\u00e9al<br>C.P. 6128, succursale centre-ville<br>Montr\u00e9al (Qu\u00e9bec) Canada H3C 3J7<\/p> <\/td><td> <p><strong>Telephone<\/strong>: (514) 343-6614<br><strong>Secretariat<\/strong> : (514) 343-6667<br><strong>E-mail<\/strong>: <a href=\"mailto:normand.mousseau@umontreal.ca\">normand.mousseau@umontreal.ca<\/a><\/p> <\/td><\/tr><\/tbody><\/table><\/figure>\n\n\n\n<h2 class=\"wp-block-heading\">CV<\/h2>\n\n\n\n<figure class=\"wp-block-table\"><table><tbody><tr><td>2022 &#8211; <\/td><td> Co-Director  <\/td><td><a href=\"https:\/\/cme-emh.ca\" data-type=\"link\" data-id=\"https:\/\/cme-emh.ca\"> Energy Modelling Hub <\/a>  <\/td><\/tr><tr><td> 2016 &#8211;    <\/td><td> Scientific Director of the <a href=\"https:\/\/iet.polymtl.ca\">Trottier Energy Institute<\/a>  <\/td><td> Polytechnique Montr\u00e9al  <\/td><\/tr><tr><td> 2009 &#8211;     <\/td><td>  Full Professor    <\/td><td> Universit\u00e9 de Montr\u00e9al  <\/td><\/tr><tr><td>2014 &#8211;   2016  <\/td><td> Chair  <\/td><td> Universit\u00e9 de Montr\u00e9al  <\/td><\/tr><tr><td> 7\/2013 &#8211; 1\/2014   <\/td><td>  Cochair  <\/td><td>  Qu\u00e9bec&#8217;s Commission on Energy Issues-  <\/td><\/tr><tr><td> 2003 &#8211; 2014    <\/td><td> Canada Research Chair in Computational Physics of Complex Materials  <\/td><td> Universit\u00e9 de Montr\u00e9al  <\/td><\/tr><tr><td> 2003 &#8211; 2009     <\/td><td> Associate Professor   <\/td><td> Universit\u00e9 de Montr\u00e9al  <\/td><\/tr><tr><td> 2001 &#8211; 2003    <\/td><td> Assistant Professor   <\/td><td> Universit\u00e9 de Montr\u00e9al  <\/td><\/tr><tr><td> 2001 &#8211; 2003    <\/td><td> Adjunct Assistant Professor   <\/td><td> Ohio University  <\/td><\/tr><tr><td>  1998 &#8211; 2001  <\/td><td> Assistant Professor   <\/td><td> Ohio University  <\/td><\/tr><tr><td>  1997 &#8211; 1997  <\/td><td> Invited Researcher    <\/td><td> Technische Universiteit Delft  <\/td><\/tr><tr><td>  1995 &#8211; 1997    <\/td><td> Post-doctoral Fellow  <\/td><td> Universit\u00e9 de Montr\u00e9al  <\/td><\/tr><tr><td> 1993 &#8211; 1995    <\/td><td> Post-doctoral Fellow  <\/td><td> Oxford University  <\/td><\/tr><tr><td> 1990 &#8211; 1993     <\/td><td> Ph.D. in Condensed matter physics     <\/td><td> Michigan State University  <\/td><\/tr><tr><td> 1989 &#8211; 1990     <\/td><td> M.Sc. in Condensed matter physics <\/td><td> Universit\u00e9 de Montr\u00e9al  <\/td><\/tr><tr><td> 1986 &#8211; 1989    <\/td><td> B.Sc. in Physics  <\/td><td> Universit\u00e9 de Montr\u00e9al  <\/td><\/tr><\/tbody><\/table><\/figure>\n\n\n\n<h2 class=\"wp-block-heading\">Awards and Distinctions<\/h2>\n\n\n\n<figure class=\"wp-block-table\"><table><tbody><tr><td> 2009-2012\t <\/td><td>Chair of Excellence  <\/td><td> Fondation NanoSciences  <\/td><\/tr><tr><td> 2001\t <\/td><td>Cottrell Scholar of the Research Corporation  <\/td><td> Universit\u00e9 de Montr\u00e9al  <\/td><\/tr><tr><td> 1993-1995\t <\/td><td>Post-doctoral fellowship (NSERC)  <\/td><td> Oxford University  <\/td><\/tr><tr><td> 1994\t <\/td><td>Sherwood R. Hagnes Award for Outstanding Graduate Student, Department of Physics and Astronomy  <\/td><td> Michigan State University  <\/td><\/tr><tr><td> 1994\t <\/td><td>1993 American Association for the advancement of science Award for the public understanding of Science and Technology, given to Science Theatre  <\/td><td> Michigan State University  <\/td><\/tr><\/tbody><\/table><\/figure>\n\n\n\n<h2 class=\"wp-block-heading\">Extended Visits<\/h2>\n\n\n\n<figure class=\"wp-block-table\"><table><tbody><tr><td>June to August 2014  <\/td><td>Visiting Professor  <\/td><td>Universiteit Utrecht, The Netherlands  <\/td><\/tr><tr><td>Decembre 2013 to April 2014  <\/td><td>Visiting Professor and Researcher, LPTMC  <\/td><td> CNRS and Universit\u00e9 Pierre et Marie Curie  <\/td><\/tr><tr><td>June 2006\t  <\/td><td>Visiting Professeur  <\/td><td> Fudan University, China  <\/td><\/tr><tr><td>February to May 2006\t <\/td><td>Visiting Researcher  <\/td><td>Commissariat \u00e0 l&#8217;\u00e9nergie atomique, France  <\/td><\/tr><tr><td>June to September 2005\t <\/td><td>Visiting Professor  <\/td><td>Universiteit Utrecht, The Netherlands  <\/td><\/tr><tr><td>October 2005 to January 2006\t <\/td><td>Visiting Professor (poste rouge CNRS)  <\/td><td>Institut de biologie physico-chimique, France  <\/td><\/tr><tr><td>March 2003\t <\/td><td>Visiting Professor  <\/td><td>National Central University, Taiwan  <\/td><\/tr><tr><td>December 2003\t <\/td><td>Visiting Professor  <\/td><td>Cambridge University, UK  <\/td><\/tr><tr><td>Summer 1999\t <\/td><td>Visiting Researcher  <\/td><td>Computational Physics, TU Delft  <\/td><\/tr><tr><td>Summer 1998\t <\/td><td>Visiting Researcher <\/td><td>Computational Physics, TU Delft  <\/td><\/tr><\/tbody><\/table><\/figure>\n","protected":false},"excerpt":{"rendered":"<p>Normand Mousseau, Full ProfessorDepartment of Physics and Institut CourtoisUniversit\u00e9 de Montr\u00e9alComplexe des sciences \u2013 campus&#8230;<\/p>\n","protected":false},"author":1,"featured_media":0,"parent":0,"menu_order":0,"comment_status":"closed","ping_status":"open","template":"","meta":{"footnotes":""},"class_list":["post-2","page","type-page","status-publish","hentry"],"jetpack_sharing_enabled":true,"_links":{"self":[{"href":"https:\/\/normandmousseau.com\/en\/wp-json\/wp\/v2\/pages\/2","targetHints":{"allow":["GET"]}}],"collection":[{"href":"https:\/\/normandmousseau.com\/en\/wp-json\/wp\/v2\/pages"}],"about":[{"href":"https:\/\/normandmousseau.com\/en\/wp-json\/wp\/v2\/types\/page"}],"author":[{"embeddable":true,"href":"https:\/\/normandmousseau.com\/en\/wp-json\/wp\/v2\/users\/1"}],"replies":[{"embeddable":true,"href":"https:\/\/normandmousseau.com\/en\/wp-json\/wp\/v2\/comments?post=2"}],"version-history":[{"count":26,"href":"https:\/\/normandmousseau.com\/en\/wp-json\/wp\/v2\/pages\/2\/revisions"}],"predecessor-version":[{"id":315,"href":"https:\/\/normandmousseau.com\/en\/wp-json\/wp\/v2\/pages\/2\/revisions\/315"}],"wp:attachment":[{"href":"https:\/\/normandmousseau.com\/en\/wp-json\/wp\/v2\/media?parent=2"}],"curies":[{"name":"wp","href":"https:\/\/api.w.org\/{rel}","templated":true}]}}