{"id":356,"date":"2026-03-26T10:41:13","date_gmt":"2026-03-26T10:41:13","guid":{"rendered":"https:\/\/normandmousseau.com\/?page_id=356"},"modified":"2026-03-26T10:41:19","modified_gmt":"2026-03-26T10:41:19","slug":"2026-2","status":"publish","type":"page","link":"https:\/\/normandmousseau.com\/en\/2026-2","title":{"rendered":"2026"},"content":{"rendered":"\n<ol class=\"wp-block-list\">\n<li><a href=\"https:\/\/www.qub.ca\/article\/brookfield-et-la-caisse-achetent-boralex-pour-9-g-674956277?silent_auth=true\">Boralex vendu \u00e0 des int\u00e9r\u00eats hors Qu\u00e9bec<\/a>, Sylvain Larocque, QUB Radio, 25 mars 2026.<\/li>\n\n\n\n<li><em>Le Qu\u00e9bec perd 10\u00a0milliards par ann\u00e9e en essence<\/em>, avec Jean Eernest Pierre, <em>Billet de retour<\/em>, CPAM 1410, 25 mars 2026.<\/li>\n\n\n\n<li><a href=\"https:\/\/www.lesechos.fr\/monde\/ameriques\/guerre-en-iran-le-canada-courtise-par-les-occidentaux-pour-son-petrole-et-son-gaz-2219678\">Guerre en Iran : le Canada courtis\u00e9 par les Occidentaux pour son p\u00e9trole et son gaz<\/a>, Timoth\u00e9 Boudet, Les \u00c9chos, 7 mars 2206.<\/li>\n\n\n\n<li><a href=\"https:\/\/www.ledevoir.com\/economie\/966486\/quebec-perd-10-milliards-annee-essence\">Le Qu\u00e9bec perd 10 milliards par ann\u00e9e en essence<\/a>, Alexis Riopel, Le Devoir, 25 mars 2026; <a href=\"https:\/\/www.nationalobserver.com\/2026\/03\/26\/news\/quebec-energy-independence-green-transition\">Quebec loses $10B a year to gasoline<\/a>, National Observer, 26 mars 2026.<\/li>\n\n\n\n<li><a href=\"https:\/\/www.lapresse.ca\/dialogue\/opinions\/2026-03-23\/gaz-naturel-au-quebec\/un-avenir-gouverne-par-le-passe.php\">Gaz naturel au Qu\u00e9bec: Un avenir gouvern\u00e9 par le pass\u00e9<\/a>, Johanne Whitmore, Normand Mousseau et 37 autres signataires, page Opinion, La Presse Plus, 24 mars 2026.<\/li>\n\n\n\n<li><a href=\"https:\/\/ici.radio-canada.ca\/nouvelle\/2241396\/prix-essence-voiture-deplacements-voyages\">Des consommateurs changent leurs habitudes devant le prix de l\u2019essence<\/a>, Marie-Emma Parenteau, Radio-Canada Info, 24 mars 2026.<\/li>\n\n\n\n<li><a href=\"https:\/\/www.qub.ca\/article\/hausse-du-petrole-pas-encore-un-choc-majeur-selon-un-expert-1144918990?silent_auth=true\">Hausse du p\u00e9trole : pas encore un choc majeur selon un expert<\/a>, Mathieu Boulay, TVA Nouvelles, 23 mars 2026.<\/li>\n\n\n\n<li><em>Prix de l&#8217;essence<\/em>, avec Jean Fran\u00e7ois Guerin, <em>Qu\u00e9bec Matin<\/em>, LCN, 23 mars 2026.<\/li>\n\n\n\n<li><em>Expliquer le prix de l&#8217;essence<\/em>, Pauline Abel, <em>T\u00e9l\u00e9journal Acadie<\/em>, Radio-Canada, 23 mars 2026.<\/li>\n\n\n\n<li><em>AEI demande de r\u00e9duire la consommation de combustibles fossiles<\/em>, avec Annie Desrochers, <em>Le 15-18<\/em>, Radio-Canada Premni\u00e8re, 20 mars 2026.<\/li>\n\n\n\n<li><a href=\"https:\/\/thelinknewspaper.ca\/article\/the-environmental-cost-of-montreal-data-centres\">The environmental cost of Montreal data centres<\/a>, Matthew Daldalian, The Link, 17 mars 2026.<\/li>\n\n\n\n<li><a href=\"https:\/\/www.journaldemontreal.com\/2026\/03\/21\/des-maires-montent-au-front-pour-reclamer-lenfouissement-de-la-ligne\">Grogne autour d&#8217;un projet d&#8217;Hydro: des maires montent au front pour r\u00e9clamer l\u2019enfouissement de la ligne<\/a>, Francis Halin, Journal de Montr\u00e9al, 21 mars 2026.<\/li>\n\n\n\n<li><em>Talking again about shale gas<\/em>, <em>Quebec AM<\/em>, CBC Radio Quebec, 20 mars 2026.<\/li>\n\n\n\n<li><em>Relance du gaz de schiste au Qu\u00e9bbec<\/em>, Val\u00e9rie Gendron, RDI, 18 mars 2026.<\/li>\n\n\n\n<li><em>Relance du gaz de schiste<\/em>, avec G\u00e9rald Fillion, <em>Zone \u00e9conomie<\/em>, RDI, 17 mars 2026.<\/li>\n\n\n\n<li><a href=\"https:\/\/ici.radio-canada.ca\/ohdio\/premiere\/emissions\/premiere-heure\/segments\/rattrapage\/2326276\/christine-frechette-ouvre-debat-sur-retour-gaz-schiste-au-quebec\">Gaz de schie au Qu\u00e9bec : un possible retour?<\/a>, avec Alexandre Duval, <em>Premi\u00e8re heure<\/em>, Radio-Canada Qu\u00e9bec, 18 mars 2026.<\/li>\n\n\n\n<li><a href=\"https:\/\/www.ledevoir.com\/actualites\/environnement\/964629\/quoi-ressemblerait-retour-gaz-schiste-quebec?\">\u00c0 quoi ressemblerait un retour du gaz de schiste au Qu\u00e9bec?<\/a>, Alexandre Shields, Le Devoir, 18 mars 2026; <a href=\"https:\/\/www.nationalobserver.com\/2026\/03\/19\/news\/shale-gas-return-quebec\">What would a return of shale gas in Qu\u00e9bec look like?<\/a>, National Observer, 19 mars 2026.<\/li>\n\n\n\n<li><em>D&#8217;o\u00f9 vient le p\u00e9trole consomm\u00e9 au Canada?<\/em>, Cog\u00e9go Outaouais, 16 mars 2026.<\/li>\n\n\n\n<li><a href=\"https:\/\/montrealgazette.com\/business\/farmers-will-be-reimbursed-for-carbon-charges-caq-leadership-candidates-vow\">Farmers will be reimbursed for carbon charges, CAQ leadership candidates vow<\/a>, Jacob Serebrin, <em>Montreal Gazette<\/em>, 12 mars 2026.<\/li>\n\n\n\n<li><em>Price of oil and impact for Canada<\/em>, avec Doug Gelevan, <em>Radio Noon<\/em>, CBC Montreal, 10 mars 2026.<\/li>\n\n\n\n<li><em>Pourquoi le prix de l\u2019essence augmente-t-il, m\u00eame si nous nous approvisionnons en Alberta?<\/em>, Radio-Canada Premi\u00e8re<\/li>\n\n\n\n<li><a href=\"https:\/\/www.theglobeandmail.com\/investing\/personal-finance\/article-flight-costs-airfare-iran-war-jet-fuel-prices\/\">Booking flights? Your next trip could cost hundreds more as Iran war sends jet fuel prices soaring<\/a>, Mariya Postelnyak, The Globe and Mail, 10 mars 2026<\/li>\n\n\n\n<li><em>La crise en Iran et le prix du p\u00e9trole<\/em>, avec Benoit Charette, Balado de l&#8217;Anuel de l&#8217;automobile, mars 2026.<\/li>\n\n\n\n<li><a href=\"https:\/\/ici.radio-canada.ca\/nouvelle\/2235094\/hausse-tarif-electricite-fiona-maritime?utm_source=UdeMNouvelles&amp;utm_campaign=222c08a8fd-RP_UdeMNouvelles&amp;utm_medium=email&amp;utm_term=0_5cf28dd13d-5c93bdd7a4-286636593\">Maritime Electric veut faire payer le nettoyage de Fiona \u00e0 ses clients<\/a>, Marine Ernoult, Radio-Canada, 6 mars 2026.<\/li>\n\n\n\n<li><a href=\"https:\/\/ici.radio-canada.ca\/ohdio\/premiere\/emissions\/la-mouvee\/segments\/rattrapage\/2315755\/i-p-e-clients-maritime-electric-pourraient-voir-leur-facture-grimper?utm_source=UdeMNouvelles&amp;utm_campaign=222c08a8fd-RP_UdeMNouvelles&amp;utm_medium=email&amp;utm_term=0_5cf28dd13d-5c93bdd7a4-286636593\">\u00cele-du-Prince-\u00c9douard: Maritime Electric veut faire payer le nettoyage de Fiona \u00e0 ses clients<\/a>, <em>La Mouv\u00e9e<\/em>, Radio-Canada, Nouvelle-\u00c9cosse-IPE-TNL, 5 mars 2026.<\/li>\n\n\n\n<li><em>Conflit au Moyen-Orient et prix de l&#8217;essence<\/em>, CHOX 97,5 FM, mars 2026.<\/li>\n\n\n\n<li><a href=\"https:\/\/ici.radio-canada.ca\/nouvelle\/2234869\/incertitude-prix-essence-moyen-orient-estrie-pompe-vehicule-ormuz-guerre-iran-quebec-camion\">L\u2019incertitude plane sur le prix de l\u2019essence<\/a>, Delphine Belzile, Radio-Canada, 4 mars 2026.<\/li>\n\n\n\n<li><a href=\"https:\/\/www.latribune.ca\/chroniques\/2026\/03\/05\/il-faut-parler-des-centres-de-donnees-LFF6CRVI2FAYBIH2CV7PXJSU6I\/\">Il faut parler des centres de donn\u00e9es<\/a>, S\u00e9bastien Houle, Le Nouvelliste, 5 mars 2026.<\/li>\n\n\n\n<li><em>Prix du p\u00e9trole<\/em>, avec Beno\u00eet Ferradini, RDI, 4 mars 2026.<\/li>\n\n\n\n<li><em>Effet de l&#8217;attaque de l&#8217;Iran sur les prix du p\u00e9trole<\/em>, avec S\u00e9basdtien Nemeth, Radio-Canada Alberta, 2 mars 2026.<\/li>\n\n\n\n<li><a href=\"https:\/\/www.theglobeandmail.com\/investing\/personal-finance\/article-iran-war-gas-prices-oil-energy\/\">Canadians may pay more for gas because of Iran war, but oil glut could curb price hikes<\/a>, Mariya Postelnyak, <em>The Globe and Mail<\/em>, 3 mars 2026.<\/li>\n\n\n\n<li><em>Effet de l&#8217;attaque de l&#8217;Iran sur les prix du p\u00e9trole<\/em>, avec Catherine Brisson, <em>Lagac\u00e9 le matin<\/em>, 98.FM, 2 mars 2026.<\/li>\n\n\n\n<li><em>D\u00e9veloppement d&#8217;un nouveau site pour des centrales nucl\u00e9aires \u00e0 Port-Hope en Ontario<\/em>, avec Maude Rivard, Radio-Canada Outaouais, 12 f\u00e9vrier 2026.<\/li>\n\n\n\n<li><a href=\"https:\/\/www.lapresse.ca\/affaires\/portfolio\/2026-02-11\/energies-renouvelables\/des-obstacles-a-l-exportation-de-l-expertise-quebecoise.php\">\u00c9nergies renouvelables: Des obstacles \u00e0 l\u2019exportation de l\u2019expertise qu\u00e9b\u00e9coise<\/a>, \u00c9milie Laperri\u00e8re, La Presse Plus, 11 f\u00e9vrier 2026.<\/li>\n\n\n\n<li><em>Prix de l&#8217;essence<\/em>, avec Isabelle Mar\u00e9chal, <em>Mar\u00e9chal<\/em>, QUB Radio, 10 f\u00e9vrier 2026.<\/li>\n\n\n\n<li><a href=\"https:\/\/ici.radio-canada.ca\/nouvelle\/2226553\/projet-loi-17-sequestration-carbone\">Qu\u00e9bec veut encadrer le stockage du carbone<\/a>, F\u00e9lix Gagnon et J\u00e9r\u00f4me Labb\u00e9, Radio-Canada, 7 f\u00e9vrier 2026.<\/li>\n\n\n\n<li><em>Froid et HQ<\/em>, avec Jean-Fran\u00e7ois Fortin, BLVD FM, Qu\u00e9bec, 23 janvier 2026.<\/li>\n\n\n\n<li><em>Investissements chinois dans l&#8217;industrie \u00e9nerg\u00e9tique?<\/em>, avec S\u00e9bastien Nemeth, <em>La Crois\u00e9e<\/em>, Radio-Canada Alberta, 22 janvier 2026.<\/li>\n\n\n\n<li><a href=\"https:\/\/www.lapresse.ca\/dialogue\/opinions\/2026-01-22\/cibles-de-ges-repoussees\/une-decision-qui-s-inscrit-dans-les-politiques-du-gouvernement-legault.php\">Cibles de GES repouss\u00e9es Une d\u00e9cision qui s\u2019inscrit dans les politiques du gouvernement Legault<\/a>, N. Mousseau, texte d&#8217;opinion, La Presse Plus, 22 janvier 2026.<\/li>\n\n\n\n<li><em>Qu\u00e9bec repousse la cible de r\u00e9duction des GES<\/em>, Vincent Ress\u00e9guier, <em>\u00c7a nous regarde<\/em>, Radio-Canada, 22 janvier 2026.<\/li>\n\n\n\n<li><em>Qu\u00e9bec repousse la cible de r\u00e9duction des GES<\/em>, Le T\u00e9l\u00e9journal, Radio-Canada, 22 janvier 2026.<\/li>\n\n\n\n<li><a href=\"https:\/\/www.lapresse.ca\/actualites\/chroniques\/2026-01-17\/ouverture-du-marche-aux-vehicules-chinois\/la-fin-de-la-prise-d-otages.php\">Voitures \u00e9lectriques chinoises, la fin de la prise d&#8217;otages<\/a>, Philippe Mercure, La Presse Plus, 17 janvier 2026.<\/li>\n\n\n\n<li><em>Leg \u00e9conomique de M. Legault<\/em>, Olivier Bachand, T\u00e9l\u00e9journal, Radio-Canada, 14 janvier 2026.<\/li>\n\n\n\n<li><em>V\u00e9n\u00e9zuela<\/em>, RDI, 10 janvier 2026.<\/li>\n\n\n\n<li><em>Politique \u00e9nerg\u00e9tique canadienne<\/em>, avec Catherine Paquette, Radio-Canada C\u00f4te Nord, 8 janvier 2026.<\/li>\n\n\n\n<li><a href=\"https:\/\/www.lesaffaires.com\/secteurs\/energie-et-ressources-naturelles\/la-construction-dun-pipeline-serait-mal-avisee-selon-des-experts\/\">La construction d\u2019un pipeline serait mal avis\u00e9e, selon des experts<\/a>, St\u00e9phane Blais, Les Affaires (Presse Canadienne), 7 janvier 2026.<\/li>\n\n\n\n<li><a href=\"https:\/\/ici.radio-canada.ca\/nouvelle\/2218394\/demande-maritime-electricpatrick-augmentation-facture\">Maritime Electric demande une hausse des tarifs d\u2019\u00e9lectricit\u00e9 pour un an<\/a>, Radio-Canap IP\u00c9, 6 janvier 2026.<\/li>\n\n\n\n<li><a href=\"https:\/\/ici.radio-canada.ca\/ohdio\/premiere\/emissions\/tout-un-matin\/segments\/rattrapage\/2264995\/entrevue-avec-normand-mousseau-visees-americaines-sur-petrole-venezuelien\">Vis\u00e9es am\u00e9ricaines sur le p\u00e9trole v\u00e9n\u00e9zu\u00e9lien<\/a>, avec Patrick Masbourian, <em>Tout un matin<\/em>, Radio-Canada Montr\u00e9al, 6 janvier 2026.<\/li>\n\n\n\n<li><a href=\"https:\/\/www.lapresse.ca\/affaires\/2026-01-05\/mainmise-sur-le-petrole-venezuelien\/gagnants-proclames-perdants-incertains.php\">Mainmise sur le p\u00e9trole v\u00e9n\u00e9zu\u00e9lien Gagnants proclam\u00e9s, perdants incertains<\/a>, H\u00e9l\u00e8ne Baril, La Presse Plus, 6 janvier 2026.<\/li>\n<\/ol>\n","protected":false},"excerpt":{"rendered":"","protected":false},"author":1,"featured_media":0,"parent":0,"menu_order":0,"comment_status":"closed","ping_status":"closed","template":"","meta":{"footnotes":""},"class_list":["post-356","page","type-page","status-publish","hentry"],"jetpack_sharing_enabled":true,"_links":{"self":[{"href":"https:\/\/normandmousseau.com\/en\/wp-json\/wp\/v2\/pages\/356","targetHints":{"allow":["GET"]}}],"collection":[{"href":"https:\/\/normandmousseau.com\/en\/wp-json\/wp\/v2\/pages"}],"about":[{"href":"https:\/\/normandmousseau.com\/en\/wp-json\/wp\/v2\/types\/page"}],"author":[{"embeddable":true,"href":"https:\/\/normandmousseau.com\/en\/wp-json\/wp\/v2\/users\/1"}],"replies":[{"embeddable":true,"href":"https:\/\/normandmousseau.com\/en\/wp-json\/wp\/v2\/comments?post=356"}],"version-history":[{"count":1,"href":"https:\/\/normandmousseau.com\/en\/wp-json\/wp\/v2\/pages\/356\/revisions"}],"predecessor-version":[{"id":357,"href":"https:\/\/normandmousseau.com\/en\/wp-json\/wp\/v2\/pages\/356\/revisions\/357"}],"wp:attachment":[{"href":"https:\/\/normandmousseau.com\/en\/wp-json\/wp\/v2\/media?parent=356"}],"curies":[{"name":"wp","href":"https:\/\/api.w.org\/{rel}","templated":true}]}}