{"id":270,"date":"2024-02-29T13:52:29","date_gmt":"2024-02-29T13:52:29","guid":{"rendered":"https:\/\/normandmousseau.com\/?page_id=270"},"modified":"2024-02-29T13:52:29","modified_gmt":"2024-02-29T13:52:29","slug":"funding-available-for-a-ph-d-student","status":"publish","type":"page","link":"https:\/\/normandmousseau.com\/fr\/funding-available-for-a-ph-d-student","title":{"rendered":"Financement disponible pour ma\u00eetrise ou doctorat"},"content":{"rendered":"<p><strong>Financement disponible pour une excellente \u00e9tudiante ou un excellent \u00e9tudiant aux cycles sup\u00e9rieurs commen\u00e7ant entre mai et septembre 2024.<\/strong><\/p>\n<p><strong>Titre du projet<\/strong>: \u00c9tude num\u00e9rique des m\u00e9canismes atomiques associ\u00e9s avec le vieillissement d\u2019alliages complexe par des m\u00e9thodes d\u2019intelligence artificielle<\/p>\n<p><strong>D\u00e9tails<\/strong>:<\/p>\n<p>De nombreuses propri\u00e9t\u00e9s macroscopiques des mat\u00e9riaux autour de nous d\u00e9pendent finement de la position pr\u00e9cise des atomes au niveau microscopique et de leur diffusion au fil du temps. Malgr\u00e9 l\u2019importance de cette question, la caract\u00e9risation de ces m\u00e9canismes a longtemps \u00e9t\u00e9 limit\u00e9e par l\u2019absence de m\u00e9thodes num\u00e9riques permettant d\u2019acc\u00e9der aux bonnes \u00e9chelles de temps.<\/p>\n<p>Le code d'ART cin\u00e9tique, d\u00e9velopp\u00e9 par Normand Mousseau et ses collaborateurs, est un programme de simulation de Monte Carlo cin\u00e9tique hors-r\u00e9seau avec identification et catalogage des barri\u00e8res \u00e0 la vol\u00e9e. Ce code, utilis\u00e9 par une dizaine de groupes \u00e0 travers le monde, est le seul capable aujourd'hui d'\u00e9tudier la cin\u00e9tique de relaxation atomique et la diffusion des d\u00e9fauts et des impuret\u00e9s dans les alliages, les mat\u00e9riaux avec interface et les mat\u00e9riaux d\u00e9sordonn\u00e9s sur des temps d\u00e9passant la microseconde, atteignant r\u00e9guli\u00e8rement des \u00e9chelles de temps 1 \u00e0 100 millions de fois plus longues.<\/p>\n<p>Au cours des derni\u00e8res ann\u00e9es, nous avons entrepris d\u2019int\u00e9grer des m\u00e9thodes d\u2019intelligence artificielle \u00e0 ART cin\u00e9tique, ce qui nous am\u00e8ne \u00e0 r\u00e9\u00e9crire en profondeur le code. Le projet actuel s\u2019ins\u00e8rera dans ces efforts visant \u00e0 appliquer cette m\u00e9thode \u00e0 l\u2019\u00e9volution des mat\u00e9riaux complexes ainsi qu\u2019\u00e0 poursuivre le d\u00e9veloppement algorithmique de ART cin\u00e9tique afin de maintenir le code \u00e0 l\u2019avant-garde du domaine.<\/p>\n<p>Ce projet s\u2019inscrit dans le cadre d\u2019une collaboration avec Laurent Karim B\u00e9land de Queens University et de chercheurs Ressources Naturelles Canada.<\/p>\n<p>Si vous \u00eates int\u00e9ress\u00e9, contactez-moi:  normand.mousseau@umontreal.ca<\/p>","protected":false},"excerpt":{"rendered":"<p>Funding available for an excellent graduate student starting between May and September 2024. Title of&#8230;<\/p>","protected":false},"author":1,"featured_media":0,"parent":0,"menu_order":0,"comment_status":"closed","ping_status":"closed","template":"","meta":{"footnotes":""},"class_list":["post-270","page","type-page","status-publish","hentry"],"jetpack_sharing_enabled":true,"_links":{"self":[{"href":"https:\/\/normandmousseau.com\/fr\/wp-json\/wp\/v2\/pages\/270","targetHints":{"allow":["GET"]}}],"collection":[{"href":"https:\/\/normandmousseau.com\/fr\/wp-json\/wp\/v2\/pages"}],"about":[{"href":"https:\/\/normandmousseau.com\/fr\/wp-json\/wp\/v2\/types\/page"}],"author":[{"embeddable":true,"href":"https:\/\/normandmousseau.com\/fr\/wp-json\/wp\/v2\/users\/1"}],"replies":[{"embeddable":true,"href":"https:\/\/normandmousseau.com\/fr\/wp-json\/wp\/v2\/comments?post=270"}],"version-history":[{"count":1,"href":"https:\/\/normandmousseau.com\/fr\/wp-json\/wp\/v2\/pages\/270\/revisions"}],"predecessor-version":[{"id":271,"href":"https:\/\/normandmousseau.com\/fr\/wp-json\/wp\/v2\/pages\/270\/revisions\/271"}],"wp:attachment":[{"href":"https:\/\/normandmousseau.com\/fr\/wp-json\/wp\/v2\/media?parent=270"}],"curies":[{"name":"wp","href":"https:\/\/api.w.org\/{rel}","templated":true}]}}